{"id":36099,"date":"2020-11-21T23:25:02","date_gmt":"2020-11-21T22:25:02","guid":{"rendered":"https:\/\/bra-motion.fr\/?page_id=36099"},"modified":"2021-01-04T11:43:26","modified_gmt":"2021-01-04T10:43:26","slug":"services","status":"publish","type":"page","link":"https:\/\/bra-motion.fr\/?page_id=36099","title":{"rendered":"Activit\u00e9s"},"content":{"rendered":"<p>[vc_row][vc_column width=\u00a0\u00bb1\/6&Prime;]<style type=\"text\/css\" data-type=\"the7_shortcodes-inline-css\">.shortcode-single-image-wrap.shortcode-single-image-ea9f613f9d09856c71a15ccd78ab0580.enable-bg-rollover .rollover i,\n.shortcode-single-image-wrap.shortcode-single-image-ea9f613f9d09856c71a15ccd78ab0580.enable-bg-rollover .rollover-video i {\n  background: -webkit-linear-gradient();\n  background: linear-gradient();\n}\n.shortcode-single-image-wrap.shortcode-single-image-ea9f613f9d09856c71a15ccd78ab0580 .rollover-icon {\n  font-size: 32px;\n  color: #ffffff;\n  min-width: 44px;\n  min-height: 44px;\n  line-height: 44px;\n  border-radius: 100px;\n  border-style: solid;\n  border-width: 0px;\n}\n.dt-icon-bg-on.shortcode-single-image-wrap.shortcode-single-image-ea9f613f9d09856c71a15ccd78ab0580 .rollover-icon {\n  background: rgba(255,255,255,0.3);\n  box-shadow: none;\n}<\/style><div class=\"shortcode-single-image-wrap shortcode-single-image-ea9f613f9d09856c71a15ccd78ab0580 alignleft  enable-bg-rollover dt-icon-bg-off\" style=\"margin-top:0px; margin-bottom:0px; margin-left:0px; margin-right:0px; width:300px;\"><div class=\"shortcode-single-image\"><div class=\"fancy-media-wrap  layzr-bg\" style=\"border-radius:300px;\"><img fetchpriority=\"high\" decoding=\"async\" class=\"preload-me lazy-load aspect\" src=\"data:image\/svg+xml,%3Csvg%20xmlns%3D&#39;http%3A%2F%2Fwww.w3.org%2F2000%2Fsvg&#39;%20viewBox%3D&#39;0%200%20300%20300&#39;%2F%3E\" data-src=\"https:\/\/bra-motion.fr\/wp-content\/uploads\/2016\/05\/bra-motion-principe-300x300.jpg\" data-srcset=\"https:\/\/bra-motion.fr\/wp-content\/uploads\/2016\/05\/bra-motion-principe-300x300.jpg 300w, https:\/\/bra-motion.fr\/wp-content\/uploads\/2016\/05\/bra-motion-principe-600x600.jpg 600w\" loading=\"eager\" sizes=\"(max-width: 300px) 100vw, 300px\" width=\"300\" height=\"300\"  data-dt-location=\"https:\/\/bra-motion.fr\/?attachment_id=35936\" style=\"--ratio: 300 \/ 300;border-radius:300px;\" alt=\"\" \/><\/div><\/div><\/div>[vc_empty_space height=\u00a0\u00bb15px\u00a0\u00bb][\/vc_column][vc_column width=\u00a0\u00bb3\/4&Prime;]<div id=\"ultimate-heading-63469f747ba45f66\" class=\"uvc-heading ult-adjust-bottom-margin ultimate-heading-63469f747ba45f66 uvc-5838 \" data-hspacer=\"no_spacer\"  data-halign=\"left\" style=\"text-align:left\"><div class=\"uvc-heading-spacer no_spacer\" style=\"top\"><\/div><div class=\"uvc-main-heading ult-responsive\"  data-ultimate-target='.uvc-heading.ultimate-heading-63469f747ba45f66 h4'  data-responsive-json-new='{\"font-size\":\"\",\"line-height\":\"\"}' ><h4 style=\"font-weight:normal;\">S\u00fbret\u00e9 de fonctionnement<\/h4><\/div><div class=\"uvc-sub-heading ult-responsive\"  data-ultimate-target='.uvc-heading.ultimate-heading-63469f747ba45f66 .uvc-sub-heading '  data-responsive-json-new='{\"font-size\":\"\",\"line-height\":\"\"}'  style=\"font-weight:normal;\"><i>Accompagner les clients pour la ma\u00eetrise FMDS de leur syst\u00e8me \/ \u00e9quipement<\/i><\/p>\n<ul>\n<li>Analyse et d\u00e9monstration<\/li>\n<li>Etude et r\u00e9alisation de dossier s\u00e9curit\u00e9<\/li>\n<li>Coordination d&rsquo;\u00e9quipes<\/li>\n<\/ul>\n<p><\/div><\/div>[\/vc_column][\/vc_row][vc_row type=\u00a0\u00bbvc_default\u00a0\u00bb full_width=\u00a0\u00bbstretch_row\u00a0\u00bb bg_type=\u00a0\u00bbbg_color\u00a0\u00bb bg_color_value=\u00a0\u00bb#f7f7f7&Prime;][vc_column width=\u00a0\u00bb3\/4&Prime;]<div id=\"ultimate-heading-374669f747ba45faa\" class=\"uvc-heading ult-adjust-bottom-margin ultimate-heading-374669f747ba45faa uvc-5512 \" data-hspacer=\"no_spacer\"  data-halign=\"right\" style=\"text-align:right\"><div class=\"uvc-heading-spacer no_spacer\" style=\"top\"><\/div><div class=\"uvc-main-heading ult-responsive\"  data-ultimate-target='.uvc-heading.ultimate-heading-374669f747ba45faa h4'  data-responsive-json-new='{\"font-size\":\"\",\"line-height\":\"\"}' ><h4 style=\"font-weight:normal;\">Assurance Qualit\u00e9 \/ Produit \/ Process<\/h4><\/div><div class=\"uvc-sub-heading ult-responsive\"  data-ultimate-target='.uvc-heading.ultimate-heading-374669f747ba45faa .uvc-sub-heading '  data-responsive-json-new='{\"font-size\":\"\",\"line-height\":\"\"}'  style=\"font-weight:normal;\"><em>Collaborer pour la maitrise des QCD des exigences produit-process<\/em><\/p>\n<ul>\n<li style=\"list-style-type: none;\">\n<ul>\n<li style=\"list-style-type: none;\">\n<ul>\n<li style=\"list-style-type: none;\">\n<ul>\n<li style=\"list-style-type: none;\">\n<ul>\n<li style=\"list-style-type: none;\">\n<ul>\n<li style=\"list-style-type: none;\">\n<ul>\n<li style=\"list-style-type: none;\">\n<ul>\n<li style=\"list-style-type: none;\">\n<ul>\n<li style=\"list-style-type: none;\">\n<ul>\n<li style=\"list-style-type: none;\">\n<ul>\n<li style=\"list-style-type: none;\">\n<ul>\n<li style=\"list-style-type: none;\">\n<ul>\n<li style=\"list-style-type: none;\">\n<ul>\n<li style=\"list-style-type: none;\">\n<ul>\n<li style=\"list-style-type: none;\">\n<ul>\n<li style=\"list-style-type: none;\">\n<ul>\n<li style=\"list-style-type: none;\">\n<ul>\n<li style=\"list-style-type: none;\">\n<ul>\n<li style=\"list-style-type: none;\">\n<ul>\n<li style=\"list-style-type: none;\">\n<ul>\n<li style=\"list-style-type: none;\">\n<ul>\n<li style=\"text-align: left;\">Mise en conformit\u00e9 Produit<\/li>\n<li style=\"text-align: left;\">Aide \u00e0 la d\u00e9monstration de la qualit\u00e9 process<\/li>\n<li style=\"text-align: left;\">Analyse et ma\u00eetrise de la non-conformit\u00e9<\/li>\n<li style=\"text-align: left;\">Suivi qualit\u00e9 Fournisseurs<\/li>\n<\/ul>\n<\/li>\n<\/ul>\n<\/li>\n<\/ul>\n<\/li>\n<\/ul>\n<\/li>\n<\/ul>\n<\/li>\n<\/ul>\n<\/li>\n<\/ul>\n<\/li>\n<\/ul>\n<\/li>\n<\/ul>\n<\/li>\n<\/ul>\n<\/li>\n<\/ul>\n<\/li>\n<\/ul>\n<\/li>\n<\/ul>\n<\/li>\n<\/ul>\n<\/li>\n<\/ul>\n<\/li>\n<\/ul>\n<\/li>\n<\/ul>\n<\/li>\n<\/ul>\n<\/li>\n<\/ul>\n<\/li>\n<\/ul>\n<\/li>\n<\/ul>\n<\/li>\n<\/ul>\n<p><\/div><\/div>[\/vc_column][vc_column width=\u00a0\u00bb1\/6&Prime;]<style type=\"text\/css\" data-type=\"the7_shortcodes-inline-css\">.shortcode-single-image-wrap.shortcode-single-image-843155aa55049795bcd7db81dd28da39.enable-bg-rollover .rollover i,\n.shortcode-single-image-wrap.shortcode-single-image-843155aa55049795bcd7db81dd28da39.enable-bg-rollover .rollover-video i {\n  background: -webkit-linear-gradient();\n  background: linear-gradient();\n}\n.shortcode-single-image-wrap.shortcode-single-image-843155aa55049795bcd7db81dd28da39 .rollover-icon {\n  font-size: 32px;\n  color: #ffffff;\n  min-width: 44px;\n  min-height: 44px;\n  line-height: 44px;\n  border-radius: 100px;\n  border-style: solid;\n  border-width: 0px;\n}\n.dt-icon-bg-on.shortcode-single-image-wrap.shortcode-single-image-843155aa55049795bcd7db81dd28da39 .rollover-icon {\n  background: rgba(255,255,255,0.3);\n  box-shadow: none;\n}<\/style><div class=\"shortcode-single-image-wrap shortcode-single-image-843155aa55049795bcd7db81dd28da39 alignleft  enable-bg-rollover dt-icon-bg-off\" style=\"margin-top:0px; margin-bottom:0px; margin-left:0px; margin-right:0px; width:300px;\"><div class=\"shortcode-single-image\"><div class=\"fancy-media-wrap  layzr-bg\" style=\"border-radius:300px;\"><img decoding=\"async\" class=\"preload-me lazy-load aspect\" src=\"data:image\/svg+xml,%3Csvg%20xmlns%3D&#39;http%3A%2F%2Fwww.w3.org%2F2000%2Fsvg&#39;%20viewBox%3D&#39;0%200%20300%20300&#39;%2F%3E\" data-src=\"https:\/\/bra-motion.fr\/wp-content\/uploads\/2016\/05\/bra-motion-demarche-1-300x300.jpg\" data-srcset=\"https:\/\/bra-motion.fr\/wp-content\/uploads\/2016\/05\/bra-motion-demarche-1-300x300.jpg 300w, https:\/\/bra-motion.fr\/wp-content\/uploads\/2016\/05\/bra-motion-demarche-1-500x500.jpg 500w\" loading=\"eager\" sizes=\"(max-width: 300px) 100vw, 300px\" width=\"300\" height=\"300\"  data-dt-location=\"https:\/\/bra-motion.fr\/?attachment_id=35935\" style=\"--ratio: 300 \/ 300;border-radius:300px;\" alt=\"\" \/><\/div><\/div><\/div>[vc_empty_space height=\u00a0\u00bb10px\u00a0\u00bb][\/vc_column][\/vc_row][vc_row][vc_column width=\u00a0\u00bb1\/6&Prime;]<style type=\"text\/css\" data-type=\"the7_shortcodes-inline-css\">.shortcode-single-image-wrap.shortcode-single-image-61c53db7127b822cfc581d16d718a55e.enable-bg-rollover .rollover i,\n.shortcode-single-image-wrap.shortcode-single-image-61c53db7127b822cfc581d16d718a55e.enable-bg-rollover .rollover-video i {\n  background: -webkit-linear-gradient();\n  background: linear-gradient();\n}\n.shortcode-single-image-wrap.shortcode-single-image-61c53db7127b822cfc581d16d718a55e .rollover-icon {\n  font-size: 32px;\n  color: #ffffff;\n  min-width: 44px;\n  min-height: 44px;\n  line-height: 44px;\n  border-radius: 100px;\n  border-style: solid;\n  border-width: 0px;\n}\n.dt-icon-bg-on.shortcode-single-image-wrap.shortcode-single-image-61c53db7127b822cfc581d16d718a55e .rollover-icon {\n  background: rgba(255,255,255,0.3);\n  box-shadow: none;\n}<\/style><div class=\"shortcode-single-image-wrap shortcode-single-image-61c53db7127b822cfc581d16d718a55e alignleft  enable-bg-rollover dt-icon-bg-off\" style=\"margin-top:0px; margin-bottom:0px; margin-left:0px; margin-right:0px; width:300px;\"><div class=\"shortcode-single-image\"><div class=\"fancy-media-wrap  layzr-bg\" style=\"border-radius:300px;\"><img decoding=\"async\" class=\"preload-me lazy-load aspect\" src=\"data:image\/svg+xml,%3Csvg%20xmlns%3D&#39;http%3A%2F%2Fwww.w3.org%2F2000%2Fsvg&#39;%20viewBox%3D&#39;0%200%20300%20300&#39;%2F%3E\" data-src=\"https:\/\/bra-motion.fr\/wp-content\/uploads\/2020\/11\/service_1024x704-300x300.jpg\" data-srcset=\"https:\/\/bra-motion.fr\/wp-content\/uploads\/2020\/11\/service_1024x704-300x300.jpg 300w, https:\/\/bra-motion.fr\/wp-content\/uploads\/2020\/11\/service_1024x704-600x600.jpg 600w\" loading=\"eager\" sizes=\"(max-width: 300px) 100vw, 300px\" width=\"300\" height=\"300\"  data-dt-location=\"https:\/\/bra-motion.fr\/?attachment_id=36106\" style=\"--ratio: 300 \/ 300;border-radius:300px;\" alt=\"\" \/><\/div><\/div><\/div>[vc_empty_space height=\u00a0\u00bb15px\u00a0\u00bb][\/vc_column][vc_column width=\u00a0\u00bb3\/4&Prime;]<div id=\"ultimate-heading-42369f747ba47059\" class=\"uvc-heading ult-adjust-bottom-margin ultimate-heading-42369f747ba47059 uvc-305 \" data-hspacer=\"no_spacer\"  data-halign=\"left\" style=\"text-align:left\"><div class=\"uvc-heading-spacer no_spacer\" style=\"top\"><\/div><div class=\"uvc-main-heading ult-responsive\"  data-ultimate-target='.uvc-heading.ultimate-heading-42369f747ba47059 h4'  data-responsive-json-new='{\"font-size\":\"\",\"line-height\":\"\"}' ><h4 style=\"font-weight:normal;\">Transformation M\u00e9tier &amp; SI<\/h4><\/div><div class=\"uvc-sub-heading ult-responsive\"  data-ultimate-target='.uvc-heading.ultimate-heading-42369f747ba47059 .uvc-sub-heading '  data-responsive-json-new='{\"font-size\":\"\",\"line-height\":\"\"}'  style=\"font-weight:normal;\"><i>Accompagner les clients pour la r\u00e9ussite de leurs transformations <\/i><\/p>\n<ul>\n<li>Pilotage et conduite de projet (Cycle en V, Scrum)<\/li>\n<li>R\u00e9alisation des \u00e9tudes d\u2019impacts, \u00e9tudes d\u2019opportunit\u00e9s<\/li>\n<li>Accompagnement du changement<\/li>\n<li>Outillage de la connaissance du SI : benchmark et d\u00e9ploiement d\u2019outils d\u2019architecture d\u2019entreprise<\/li>\n<\/ul>\n<p><\/div><\/div>[\/vc_column][\/vc_row][vc_row type=\u00a0\u00bbvc_default\u00a0\u00bb full_width=\u00a0\u00bbstretch_row\u00a0\u00bb bg_type=\u00a0\u00bbbg_color\u00a0\u00bb bg_color_value=\u00a0\u00bb#f7f7f7&Prime;][vc_column width=\u00a0\u00bb3\/4&Prime;]<div id=\"ultimate-heading-66369f747ba47093\" class=\"uvc-heading ult-adjust-bottom-margin ultimate-heading-66369f747ba47093 uvc-5181 \" data-hspacer=\"no_spacer\"  data-halign=\"right\" style=\"text-align:right\"><div class=\"uvc-heading-spacer no_spacer\" style=\"top\"><\/div><div class=\"uvc-main-heading ult-responsive\"  data-ultimate-target='.uvc-heading.ultimate-heading-66369f747ba47093 h4'  data-responsive-json-new='{\"font-size\":\"\",\"line-height\":\"\"}' ><h4 style=\"font-weight:normal;\">R\u00e9ing\u00e9nierie des processus<\/h4><\/div><div class=\"uvc-sub-heading ult-responsive\"  data-ultimate-target='.uvc-heading.ultimate-heading-66369f747ba47093 .uvc-sub-heading '  data-responsive-json-new='{\"font-size\":\"\",\"line-height\":\"\"}'  style=\"font-weight:normal;\"><i>Apporter un conseil \u00ab sur mesure \u00bb pour aider le client \u00e0 ma\u00eetriser ses processus<\/i><\/p>\n<ul>\n<li style=\"list-style-type: none;\">\n<ul>\n<li style=\"list-style-type: none;\">\n<ul>\n<li style=\"list-style-type: none;\">\n<ul>\n<li style=\"list-style-type: none;\">\n<ul>\n<li style=\"list-style-type: none;\">\n<ul>\n<li style=\"list-style-type: none;\">\n<ul>\n<li style=\"list-style-type: none;\">\n<ul>\n<li style=\"list-style-type: none;\">\n<ul>\n<li style=\"list-style-type: none;\">\n<ul>\n<li style=\"list-style-type: none;\">\n<ul>\n<li style=\"list-style-type: none;\">\n<ul>\n<li style=\"list-style-type: none;\">\n<ul>\n<li style=\"list-style-type: none;\">\n<ul>\n<li style=\"list-style-type: none;\">\n<ul>\n<li style=\"list-style-type: none;\">\n<ul>\n<li style=\"list-style-type: none;\">\n<ul>\n<li style=\"list-style-type: none;\">\n<ul>\n<li style=\"list-style-type: none;\">\n<ul>\n<li style=\"list-style-type: none;\">\n<ul>\n<li style=\"list-style-type: none;\">\n<ul>\n<li style=\"list-style-type: none;\">\n<ul>\n<li style=\"text-align: left;\">Mise en place de la d\u00e9marche processus<\/li>\n<li style=\"text-align: left;\">Analyse et optimisation des processus : PDCA, Lean Six Sigma\u2026<\/li>\n<li style=\"text-align: left;\">Optimisation de l\u2019organisation<\/li>\n<li style=\"text-align: left;\">Accompagnement m\u00e9thodologique<\/li>\n<li style=\"text-align: left;\">Formation BPM<\/li>\n<\/ul>\n<\/li>\n<\/ul>\n<\/li>\n<\/ul>\n<\/li>\n<\/ul>\n<\/li>\n<\/ul>\n<\/li>\n<\/ul>\n<\/li>\n<\/ul>\n<\/li>\n<\/ul>\n<\/li>\n<\/ul>\n<\/li>\n<\/ul>\n<\/li>\n<\/ul>\n<\/li>\n<\/ul>\n<\/li>\n<\/ul>\n<\/li>\n<\/ul>\n<\/li>\n<\/ul>\n<\/li>\n<\/ul>\n<\/li>\n<\/ul>\n<\/li>\n<\/ul>\n<\/li>\n<\/ul>\n<\/li>\n<\/ul>\n<\/li>\n<\/ul>\n<\/li>\n<\/ul>\n<p><\/div><\/div>[\/vc_column][vc_column width=\u00a0\u00bb1\/6&Prime;][vc_empty_space height=\u00a0\u00bb20px\u00a0\u00bb]<style type=\"text\/css\" data-type=\"the7_shortcodes-inline-css\">.shortcode-single-image-wrap.shortcode-single-image-04c2119448dc11a69b5c320aef5b94a3.enable-bg-rollover .rollover i,\n.shortcode-single-image-wrap.shortcode-single-image-04c2119448dc11a69b5c320aef5b94a3.enable-bg-rollover .rollover-video i {\n  background: -webkit-linear-gradient();\n  background: linear-gradient();\n}\n.shortcode-single-image-wrap.shortcode-single-image-04c2119448dc11a69b5c320aef5b94a3 .rollover-icon {\n  font-size: 32px;\n  color: #ffffff;\n  min-width: 44px;\n  min-height: 44px;\n  line-height: 44px;\n  border-radius: 100px;\n  border-style: solid;\n  border-width: 0px;\n}\n.dt-icon-bg-on.shortcode-single-image-wrap.shortcode-single-image-04c2119448dc11a69b5c320aef5b94a3 .rollover-icon {\n  background: rgba(255,255,255,0.3);\n  box-shadow: none;\n}<\/style><div class=\"shortcode-single-image-wrap shortcode-single-image-04c2119448dc11a69b5c320aef5b94a3 alignleft  enable-bg-rollover dt-icon-bg-off\" style=\"margin-top:0px; margin-bottom:0px; margin-left:0px; margin-right:0px; width:300px;\"><div class=\"shortcode-single-image\"><div class=\"fancy-media-wrap  layzr-bg\" style=\"border-radius:300px;\"><img decoding=\"async\" class=\"preload-me lazy-load aspect\" src=\"data:image\/svg+xml,%3Csvg%20xmlns%3D&#39;http%3A%2F%2Fwww.w3.org%2F2000%2Fsvg&#39;%20viewBox%3D&#39;0%200%20300%20300&#39;%2F%3E\" data-src=\"https:\/\/bra-motion.fr\/wp-content\/uploads\/2020\/11\/improve-300x300.png\" data-srcset=\"https:\/\/bra-motion.fr\/wp-content\/uploads\/2020\/11\/improve-300x300.png 300w, https:\/\/bra-motion.fr\/wp-content\/uploads\/2020\/11\/improve-600x600.png 600w\" loading=\"eager\" sizes=\"(max-width: 300px) 100vw, 300px\" width=\"300\" height=\"300\"  data-dt-location=\"https:\/\/bra-motion.fr\/?attachment_id=36107\" style=\"--ratio: 300 \/ 300;border-radius:300px;\" alt=\"\" \/><\/div><\/div><\/div>[\/vc_column][\/vc_row]<\/p>\n","protected":false},"excerpt":{"rendered":"<p>[vc_row][vc_column width=\u00a0\u00bb1\/6&Prime;][vc_empty_space height=\u00a0\u00bb15px\u00a0\u00bb][\/vc_column][vc_column width=\u00a0\u00bb3\/4&Prime;][\/vc_column][\/vc_row][vc_row type=\u00a0\u00bbvc_default\u00a0\u00bb full_width=\u00a0\u00bbstretch_row\u00a0\u00bb bg_type=\u00a0\u00bbbg_color\u00a0\u00bb bg_color_value=\u00a0\u00bb#f7f7f7&Prime;][vc_column width=\u00a0\u00bb3\/4&Prime;][\/vc_column][vc_column width=\u00a0\u00bb1\/6&Prime;][vc_empty_space height=\u00a0\u00bb10px\u00a0\u00bb][\/vc_column][\/vc_row][vc_row][vc_column width=\u00a0\u00bb1\/6&Prime;][vc_empty_space height=\u00a0\u00bb15px\u00a0\u00bb][\/vc_column][vc_column width=\u00a0\u00bb3\/4&Prime;][\/vc_column][\/vc_row][vc_row type=\u00a0\u00bbvc_default\u00a0\u00bb full_width=\u00a0\u00bbstretch_row\u00a0\u00bb bg_type=\u00a0\u00bbbg_color\u00a0\u00bb bg_color_value=\u00a0\u00bb#f7f7f7&Prime;][vc_column width=\u00a0\u00bb3\/4&Prime;][\/vc_column][vc_column width=\u00a0\u00bb1\/6&Prime;][vc_empty_space height=\u00a0\u00bb20px\u00a0\u00bb][\/vc_column][\/vc_row]<\/p>\n","protected":false},"author":2,"featured_media":0,"parent":0,"menu_order":0,"comment_status":"closed","ping_status":"closed","template":"","meta":{"footnotes":""},"class_list":["post-36099","page","type-page","status-publish","hentry","description-off"],"_links":{"self":[{"href":"https:\/\/bra-motion.fr\/index.php?rest_route=\/wp\/v2\/pages\/36099","targetHints":{"allow":["GET"]}}],"collection":[{"href":"https:\/\/bra-motion.fr\/index.php?rest_route=\/wp\/v2\/pages"}],"about":[{"href":"https:\/\/bra-motion.fr\/index.php?rest_route=\/wp\/v2\/types\/page"}],"author":[{"embeddable":true,"href":"https:\/\/bra-motion.fr\/index.php?rest_route=\/wp\/v2\/users\/2"}],"replies":[{"embeddable":true,"href":"https:\/\/bra-motion.fr\/index.php?rest_route=%2Fwp%2Fv2%2Fcomments&post=36099"}],"version-history":[{"count":21,"href":"https:\/\/bra-motion.fr\/index.php?rest_route=\/wp\/v2\/pages\/36099\/revisions"}],"predecessor-version":[{"id":36196,"href":"https:\/\/bra-motion.fr\/index.php?rest_route=\/wp\/v2\/pages\/36099\/revisions\/36196"}],"wp:attachment":[{"href":"https:\/\/bra-motion.fr\/index.php?rest_route=%2Fwp%2Fv2%2Fmedia&parent=36099"}],"curies":[{"name":"wp","href":"https:\/\/api.w.org\/{rel}","templated":true}]}}