{"id":36121,"date":"2020-11-21T23:26:32","date_gmt":"2020-11-21T22:26:32","guid":{"rendered":"https:\/\/bra-motion.fr\/?page_id=36121"},"modified":"2020-11-21T23:26:32","modified_gmt":"2020-11-21T22:26:32","slug":"interventions","status":"publish","type":"page","link":"https:\/\/bra-motion.fr\/?page_id=36121","title":{"rendered":"Interventions"},"content":{"rendered":"<p>[vc_row][vc_column width=\u00a0\u00bb1\/2&Prime;]<div id=\"ultimate-heading-103969e446b03ea67\" class=\"uvc-heading ult-adjust-bottom-margin ultimate-heading-103969e446b03ea67 uvc-3925 \" data-hspacer=\"no_spacer\"  data-halign=\"center\" style=\"text-align:center\"><div class=\"uvc-heading-spacer no_spacer\" style=\"top\"><\/div><div class=\"uvc-main-heading ult-responsive\"  data-ultimate-target='.uvc-heading.ultimate-heading-103969e446b03ea67 h2'  data-responsive-json-new='{\"font-size\":\"\",\"line-height\":\"\"}' ><h2 style=\"font-weight:normal;\">Exemples d'interventions :<\/h2><\/div><\/div>[vc_empty_space height=\u00a0\u00bb10px\u00a0\u00bb]<div class=\"dt-fancy-separator h3-size accent-title-color accent-border-color\" style=\"width: 100%;\"><div class=\"dt-fancy-title\"><span class=\"separator-holder separator-left\"><\/span>AUTOMOBILE<span class=\"separator-holder separator-right\"><\/span><\/div><\/div>[vc_column_text]<strong>Mission qualit\u00e9 Projets<\/strong><\/p>\n<ul>\n<li>G\u00e9rer les interfaces (achats \/ projet, clients \/ fournisseurs&#8230;)<\/li>\n<li>Assurer la conformit\u00e9 des projets vis-\u00e0-vis des exigences clients (CSR, RFQ&#8230;)<\/li>\n<li>Garantir la conformit\u00e9 des composants (Qualit\u00e9 fournisseur, EI\u2026)<\/li>\n<li>Etablir les attendus aux diff\u00e9rents jalons<\/li>\n<li>G\u00e9rer les caract\u00e9ristiques cl\u00e9s<\/li>\n<\/ul>\n<p><b>Mission de support D\u00e9marrage Production<\/b><\/p>\n<ul>\n<li>Animer le \u00ab war room \u00bb hebdomadaire du projet afin de suivre l\u2019avancement APB-Di usine et remonter les points critiques<\/li>\n<li>Etude, conception et r\u00e9alisation du poste de retouche \u00ab \u00e9tanch\u00e9it\u00e9 \u00bb<\/li>\n<li>Interface ing\u00e9nierie \/ usine\u2026<\/li>\n<\/ul>\n<p><strong>Mission qualit\u00e9 Etudes<\/strong><\/p>\n<ul>\n<li>Conduire les analyses fonctionnelles et identifier les fonctions critiques<\/li>\n<li>Etablir les AMDEC Produit et identifier les caract\u00e9ristiques cl\u00e9s<\/li>\n<li>Mener les AMDEC Process et identifier les attendus<\/li>\n<li>D\u00e9montrer la ma\u00eetrise des exigences critiques produit dans le process<\/li>\n<\/ul>\n<p><strong>Mission qualit\u00e9 fournisseurs <\/strong><\/p>\n<ul>\n<li>\u00catre l\u2019interlocuteur entre fournisseurs, projets et achats<\/li>\n<li>Assurer la coh\u00e9rence de l\u2019avancement des projets pi\u00e8ces des fournisseurs avec les projets v\u00e9hicules<\/li>\n<li>Conduire les audits (pr\u00e9-production, capacitaire) chez les fournisseurs<\/li>\n<li>Faire les analyses des non-conformit\u00e9s et g\u00e9rer la ma\u00eetrise<\/li>\n<li>Accompagner les fournisseurs r\u00e9partis en Europe<\/li>\n<\/ul>\n<p>[\/vc_column_text][vc_empty_space]<style type=\"text\/css\" data-type=\"the7_shortcodes-inline-css\">.shortcode-single-image-wrap.shortcode-single-image-2e5b3acb1df62c0fb46d3a279d973637.enable-bg-rollover .rollover i,\n.shortcode-single-image-wrap.shortcode-single-image-2e5b3acb1df62c0fb46d3a279d973637.enable-bg-rollover .rollover-video i {\n  background: ;\n  background: -webkit-linear-gradient();\n  background: linear-gradient();\n}\n.shortcode-single-image-wrap.shortcode-single-image-2e5b3acb1df62c0fb46d3a279d973637 .rollover-icon {\n  font-size: 32px;\n  color: #ffffff;\n  min-width: 44px;\n  min-height: 44px;\n  line-height: 44px;\n  border-radius: 100px;\n  border-style: solid;\n  border-width: 0px;\n}\n.dt-icon-bg-on.shortcode-single-image-wrap.shortcode-single-image-2e5b3acb1df62c0fb46d3a279d973637 .rollover-icon {\n  background: rgba(255,255,255,0.3);\n  box-shadow: none;\n}<\/style><div class=\"shortcode-single-image-wrap shortcode-single-image-2e5b3acb1df62c0fb46d3a279d973637 alignnone  enable-bg-rollover dt-icon-bg-off\" style=\"margin-top:0px; margin-bottom:0px; margin-left:0px; margin-right:0px; width:500px;\"><div class=\"shortcode-single-image\"><div class=\"fancy-media-wrap  layzr-bg\" style=\"\"><img fetchpriority=\"high\" decoding=\"async\" class=\"preload-me lazy-load aspect\" src=\"data:image\/svg+xml,%3Csvg%20xmlns%3D&#39;http%3A%2F%2Fwww.w3.org%2F2000%2Fsvg&#39;%20viewBox%3D&#39;0%200%20500%20333&#39;%2F%3E\" data-src=\"https:\/\/bra-motion.fr\/wp-content\/uploads\/2020\/11\/Aeronautique-500x333.jpg\" data-srcset=\"https:\/\/bra-motion.fr\/wp-content\/uploads\/2020\/11\/Aeronautique-500x333.jpg 500w, https:\/\/bra-motion.fr\/wp-content\/uploads\/2020\/11\/Aeronautique-1000x666.jpg 1000w\" loading=\"eager\" sizes=\"(max-width: 500px) 100vw, 500px\" width=\"500\" height=\"333\"  data-dt-location=\"https:\/\/bra-motion.fr\/?attachment_id=36176\" style=\"--ratio: 500 \/ 333;\" alt=\"\" \/><\/div><\/div><\/div>[vc_empty_space height=\u00a0\u00bb16px\u00a0\u00bb]<div class=\"dt-fancy-separator h3-size accent-title-color accent-border-color\" style=\"width: 100%;\"><div class=\"dt-fancy-title\"><span class=\"separator-holder separator-left\"><\/span>FERROVIAIRE<span class=\"separator-holder separator-right\"><\/span><\/div><\/div>[vc_column_text]<b>Mission de s\u00e9curit\u00e9 des projets PMI Chine des m\u00e9tros de Beijing et de Shanghai <\/b><\/p>\n<ul>\n<li>G\u00e9rer les activit\u00e9s s\u00e9curit\u00e9 des programmes<\/li>\n<li>Assurer l\u2019int\u00e9gration et la r\u00e9alisation des exigences s\u00e9curit\u00e9 \u00e0 toutes les \u00e9tapes du cycle de d\u00e9veloppement retenu<\/li>\n<li>Etablir les dossiers de s\u00e9curit\u00e9 en conformit\u00e9 avec les standards applicables (EN501xx)<\/li>\n<li>Pr\u00e9senter la coh\u00e9rence des activit\u00e9s projet avec les exigences s\u00e9curit\u00e9 lors des audits, internes et externes, programmes<\/li>\n<li>Fournir les \u00e9l\u00e9ments justificatifs de s\u00e9curit\u00e9 n\u00e9cessaires et suffisants pour franchir les \u00e9tapes cl\u00e9 des projets<\/li>\n<\/ul>\n<p><b>\u00c9tudes S\u00fbret\u00e9 de Fonctionnement et mis en place du Syst\u00e8me Qualit\u00e9 en vue de la certification ISO9001<\/b><\/p>\n<ul>\n<li>R\u00e9aliser les \u00e9tudes Double Contr\u00f4le des programmes d\u2019\u00e9volutions class\u00e9s \u00abs\u00e9curit\u00e9\u00bb<\/li>\n<li>R\u00e9diger les documents qualit\u00e9 applicables au traitement des \u00e9volutions (proc\u00e9dures, fiches descriptives des activit\u00e9s, modes op\u00e9ratoires)<\/li>\n<li>Piloter les \u00e9tudes \u00ab S\u00fbret\u00e9 de Fonctionnement \u00bb des syst\u00e8mes de s\u00e9curit\u00e9<\/li>\n<\/ul>\n<p>[\/vc_column_text][vc_empty_space height=\u00a0\u00bb128px\u00a0\u00bb]<style type=\"text\/css\" data-type=\"the7_shortcodes-inline-css\">.shortcode-single-image-wrap.shortcode-single-image-a889cdb4e69c38cec649b09a4a1fed7d.enable-bg-rollover .rollover i,\n.shortcode-single-image-wrap.shortcode-single-image-a889cdb4e69c38cec649b09a4a1fed7d.enable-bg-rollover .rollover-video i {\n  background: ;\n  background: -webkit-linear-gradient();\n  background: linear-gradient();\n}\n.shortcode-single-image-wrap.shortcode-single-image-a889cdb4e69c38cec649b09a4a1fed7d .rollover-icon {\n  font-size: 32px;\n  color: #ffffff;\n  min-width: 44px;\n  min-height: 44px;\n  line-height: 44px;\n  border-radius: 100px;\n  border-style: solid;\n  border-width: 0px;\n}\n.dt-icon-bg-on.shortcode-single-image-wrap.shortcode-single-image-a889cdb4e69c38cec649b09a4a1fed7d .rollover-icon {\n  background: rgba(255,255,255,0.3);\n  box-shadow: none;\n}<\/style><div class=\"shortcode-single-image-wrap shortcode-single-image-a889cdb4e69c38cec649b09a4a1fed7d alignnone  enable-bg-rollover dt-icon-bg-off\" style=\"margin-top:0px; margin-bottom:0px; margin-left:0px; margin-right:0px; width:500px;\"><div class=\"shortcode-single-image\"><div class=\"fancy-media-wrap  layzr-bg\" style=\"\"><img decoding=\"async\" class=\"preload-me lazy-load aspect\" src=\"data:image\/svg+xml,%3Csvg%20xmlns%3D&#39;http%3A%2F%2Fwww.w3.org%2F2000%2Fsvg&#39;%20viewBox%3D&#39;0%200%20500%20281&#39;%2F%3E\" data-src=\"https:\/\/bra-motion.fr\/wp-content\/uploads\/2020\/11\/service_2_128x720-500x281.jpg\" data-srcset=\"https:\/\/bra-motion.fr\/wp-content\/uploads\/2020\/11\/service_2_128x720-500x281.jpg 500w, https:\/\/bra-motion.fr\/wp-content\/uploads\/2020\/11\/service_2_128x720-1000x562.jpg 1000w\" loading=\"eager\" sizes=\"(max-width: 500px) 100vw, 500px\" width=\"500\" height=\"281\"  data-dt-location=\"https:\/\/bra-motion.fr\/?attachment_id=36105\" style=\"--ratio: 500 \/ 281;\" alt=\"\" \/><\/div><\/div><\/div>[\/vc_column][vc_column width=\u00a0\u00bb1\/2&Prime;][vc_empty_space height=\u00a0\u00bb100px\u00a0\u00bb]<style type=\"text\/css\" data-type=\"the7_shortcodes-inline-css\">.shortcode-single-image-wrap.shortcode-single-image-12290c3a5a807da7f7733ce90db087ec.enable-bg-rollover .rollover i,\n.shortcode-single-image-wrap.shortcode-single-image-12290c3a5a807da7f7733ce90db087ec.enable-bg-rollover .rollover-video i {\n  background: ;\n  background: -webkit-linear-gradient();\n  background: linear-gradient();\n}\n.shortcode-single-image-wrap.shortcode-single-image-12290c3a5a807da7f7733ce90db087ec .rollover-icon {\n  font-size: 32px;\n  color: #ffffff;\n  min-width: 44px;\n  min-height: 44px;\n  line-height: 44px;\n  border-radius: 100px;\n  border-style: solid;\n  border-width: 0px;\n}\n.dt-icon-bg-on.shortcode-single-image-wrap.shortcode-single-image-12290c3a5a807da7f7733ce90db087ec .rollover-icon {\n  background: rgba(255,255,255,0.3);\n  box-shadow: none;\n}<\/style><div class=\"shortcode-single-image-wrap shortcode-single-image-12290c3a5a807da7f7733ce90db087ec alignnone  enable-bg-rollover dt-icon-bg-off\" style=\"margin-top:0px; margin-bottom:0px; margin-left:0px; margin-right:0px; width:500px;\"><div class=\"shortcode-single-image\"><div class=\"fancy-media-wrap  layzr-bg\" style=\"\"><img decoding=\"async\" class=\"preload-me lazy-load aspect\" src=\"data:image\/svg+xml,%3Csvg%20xmlns%3D&#39;http%3A%2F%2Fwww.w3.org%2F2000%2Fsvg&#39;%20viewBox%3D&#39;0%200%20500%20333&#39;%2F%3E\" data-src=\"https:\/\/bra-motion.fr\/wp-content\/uploads\/2020\/11\/Automobile-500x333.jpg\" data-srcset=\"https:\/\/bra-motion.fr\/wp-content\/uploads\/2020\/11\/Automobile-500x333.jpg 500w, https:\/\/bra-motion.fr\/wp-content\/uploads\/2020\/11\/Automobile-1000x666.jpg 1000w\" loading=\"eager\" sizes=\"(max-width: 500px) 100vw, 500px\" width=\"500\" height=\"333\"  data-dt-location=\"https:\/\/bra-motion.fr\/?attachment_id=36177\" style=\"--ratio: 500 \/ 333;\" alt=\"\" \/><\/div><\/div><\/div>[vc_empty_space height=\u00a0\u00bb96px\u00a0\u00bb]<div class=\"dt-fancy-separator h3-size accent-title-color accent-border-color\" style=\"width: 100%;\"><div class=\"dt-fancy-title\"><span class=\"separator-holder separator-left\"><\/span>AERONAUTIQUE<span class=\"separator-holder separator-right\"><\/span><\/div><\/div>[vc_column_text]<b>Chef de projet et Responsable <\/b><b>SdF<\/b><b> de l\u2019AEP (<\/b><b>Auxiliary<\/b><b> Electric <\/b><b>Pump<\/b><b>)\u00a0chez un \u00e9quipementier<\/b><\/p>\n<ul>\n<li>Coordination de l\u2019interface entre les achats et les fournisseurs<\/li>\n<li>Pilotage projet<\/li>\n<li>R\u00e9daction des livrables en coordination avec les services internes<\/li>\n<\/ul>\n<p><b>Interlocuteur QSR (<\/b><b>Quality<\/b><b> Survey Report)<\/b> <b>chez un grand acteur de l\u2019a\u00e9ronautique<\/b><\/p>\n<ul>\n<li>Suivi des activit\u00e9s des axes d\u2019am\u00e9lioration de pr\u00e9vention \/ d\u00e9tection et interlocuteurs des QSR<\/li>\n<li>Assurer l\u2019aboutissement des PFMEA chez les fournisseurs: formation, audit, suivi, compl\u00e9tude, Pds\u2026<\/li>\n<li>Assurer la maturit\u00e9 de l\u2019activit\u00e9 PFMEA chez les fournisseurs : audit, suivi des PA<\/li>\n<\/ul>\n<p><b>Mission d\u2019ing\u00e9nieur Qualit\u00e9 dans un projet<\/b><\/p>\n<ul>\n<li>Suivi des activit\u00e9s des axes d\u2019am\u00e9lioration de pr\u00e9vention \/ d\u00e9tection et interlocuteurs des QSR des avions Airbus<\/li>\n<li>Assurer l\u2019aboutissement des PFMEA chez les fournisseurs<\/li>\n<li>Assurer la maturit\u00e9 de l\u2019activit\u00e9 PFMEA chez les fournisseurs<\/li>\n<\/ul>\n<p>[\/vc_column_text][vc_empty_space height=\u00a0\u00bb80px\u00a0\u00bb]<style type=\"text\/css\" data-type=\"the7_shortcodes-inline-css\">.shortcode-single-image-wrap.shortcode-single-image-616111a1491a9c8f8054a59384ff72ae.enable-bg-rollover .rollover i,\n.shortcode-single-image-wrap.shortcode-single-image-616111a1491a9c8f8054a59384ff72ae.enable-bg-rollover .rollover-video i {\n  background: ;\n  background: -webkit-linear-gradient();\n  background: linear-gradient();\n}\n.shortcode-single-image-wrap.shortcode-single-image-616111a1491a9c8f8054a59384ff72ae .rollover-icon {\n  font-size: 32px;\n  color: #ffffff;\n  min-width: 44px;\n  min-height: 44px;\n  line-height: 44px;\n  border-radius: 100px;\n  border-style: solid;\n  border-width: 0px;\n}\n.dt-icon-bg-on.shortcode-single-image-wrap.shortcode-single-image-616111a1491a9c8f8054a59384ff72ae .rollover-icon {\n  background: rgba(255,255,255,0.3);\n  box-shadow: none;\n}<\/style><div class=\"shortcode-single-image-wrap shortcode-single-image-616111a1491a9c8f8054a59384ff72ae alignnone  enable-bg-rollover dt-icon-bg-off\" style=\"margin-top:0px; margin-bottom:0px; margin-left:0px; margin-right:0px; width:500px;\"><div class=\"shortcode-single-image\"><div class=\"fancy-media-wrap  layzr-bg\" style=\"\"><img decoding=\"async\" class=\"preload-me lazy-load aspect\" src=\"data:image\/svg+xml,%3Csvg%20xmlns%3D&#39;http%3A%2F%2Fwww.w3.org%2F2000%2Fsvg&#39;%20viewBox%3D&#39;0%200%20500%20333&#39;%2F%3E\" data-src=\"https:\/\/bra-motion.fr\/wp-content\/uploads\/2020\/11\/Ferroviaire-500x333.jpg\" data-srcset=\"https:\/\/bra-motion.fr\/wp-content\/uploads\/2020\/11\/Ferroviaire-500x333.jpg 500w, https:\/\/bra-motion.fr\/wp-content\/uploads\/2020\/11\/Ferroviaire.jpg 800w\" loading=\"eager\" sizes=\"(max-width: 500px) 100vw, 500px\" width=\"500\" height=\"333\"  data-dt-location=\"https:\/\/bra-motion.fr\/?attachment_id=36175\" style=\"--ratio: 500 \/ 333;\" alt=\"\" \/><\/div><\/div><\/div>[vc_empty_space]<div class=\"dt-fancy-separator h3-size accent-title-color accent-border-color\" style=\"width: 100%;\"><div class=\"dt-fancy-title\"><span class=\"separator-holder separator-left\"><\/span>SERVICES<span class=\"separator-holder separator-right\"><\/span><\/div><\/div>[vc_column_text]<b>Conduite de projet de d\u00e9ploiement d\u2019un outil d\u2019architecture d\u2019entreprise pour une banque d\u2019investissement<\/b><\/p>\n<ul>\n<li>Pilotage du projet<\/li>\n<li>Cadrage des besoins et \u00e9valuation de 3 outils du march\u00e9<\/li>\n<li>R\u00e9alisation d\u2019un POC pour chaque outil \u00e9valu\u00e9<\/li>\n<li>R\u00e9alisation d\u2019un dossier de d\u00e9cision pour le comit\u00e9 de pilotage<\/li>\n<li>Choix de l\u2019outil et d\u00e9finition du mod\u00e8le op\u00e9rationnel<\/li>\n<li>Conduite du changement : 70 utilisateurs form\u00e9s<\/li>\n<li>Mise en production : utilisation dans 7 pays<\/li>\n<\/ul>\n<p><b>Accompagnement au d\u00e9ploiement de la d\u00e9marche processus dans une Banque<\/b><\/p>\n<ul>\n<li>Cadrage m\u00e9thodologique<\/li>\n<li>D\u00e9finition de la carte des macroprocessus avec les parties prenantes<\/li>\n<li>Mise en place d\u2019un r\u00e9f\u00e9rentiel<\/li>\n<li>Accompagnement au changement<\/li>\n<li>Administration du r\u00e9f\u00e9rentiel<\/li>\n<li>Transfert de comp\u00e9tences<\/li>\n<\/ul>\n<p><b>Accompagnement d\u2019une <\/b><b>NeoBanque<\/b><b> pour la mise en place d\u2019un r\u00e9f\u00e9rentiel Processus\/Proc\u00e9dure<\/b><\/p>\n<ul>\n<li>Cadrage m\u00e9thodologique<\/li>\n<li>Construction du socle des processus m\u00e9tier<\/li>\n<li>D\u00e9finition de la trajectoire de reprise des processus\/proc\u00e9dure existants<\/li>\n<li>Formation \u00e0 la mod\u00e9lisation des processus m\u00e9tier BPMN 2.0<\/li>\n<li>\u00c9tude de coh\u00e9rence avec les Parcours Client<\/li>\n<\/ul>\n<p>[\/vc_column_text][\/vc_column][\/vc_row]<\/p>\n","protected":false},"excerpt":{"rendered":"<p>[vc_row][vc_column width=\u00a0\u00bb1\/2&Prime;][vc_empty_space height=\u00a0\u00bb10px\u00a0\u00bb][vc_column_text]Mission qualit\u00e9 Projets G\u00e9rer les interfaces (achats \/ projet, clients \/ fournisseurs&#8230;) Assurer la conformit\u00e9 des projets vis-\u00e0-vis des exigences clients (CSR, RFQ&#8230;) Garantir la conformit\u00e9 des composants (Qualit\u00e9 fournisseur, EI\u2026) Etablir les attendus aux diff\u00e9rents jalons G\u00e9rer les caract\u00e9ristiques cl\u00e9s Mission de support D\u00e9marrage Production Animer le \u00ab war room \u00bb hebdomadaire&hellip;<\/p>\n","protected":false},"author":2,"featured_media":0,"parent":0,"menu_order":0,"comment_status":"closed","ping_status":"closed","template":"","meta":{"footnotes":""},"class_list":["post-36121","page","type-page","status-publish","hentry","description-off"],"_links":{"self":[{"href":"https:\/\/bra-motion.fr\/index.php?rest_route=\/wp\/v2\/pages\/36121","targetHints":{"allow":["GET"]}}],"collection":[{"href":"https:\/\/bra-motion.fr\/index.php?rest_route=\/wp\/v2\/pages"}],"about":[{"href":"https:\/\/bra-motion.fr\/index.php?rest_route=\/wp\/v2\/types\/page"}],"author":[{"embeddable":true,"href":"https:\/\/bra-motion.fr\/index.php?rest_route=\/wp\/v2\/users\/2"}],"replies":[{"embeddable":true,"href":"https:\/\/bra-motion.fr\/index.php?rest_route=%2Fwp%2Fv2%2Fcomments&post=36121"}],"version-history":[{"count":6,"href":"https:\/\/bra-motion.fr\/index.php?rest_route=\/wp\/v2\/pages\/36121\/revisions"}],"predecessor-version":[{"id":36193,"href":"https:\/\/bra-motion.fr\/index.php?rest_route=\/wp\/v2\/pages\/36121\/revisions\/36193"}],"wp:attachment":[{"href":"https:\/\/bra-motion.fr\/index.php?rest_route=%2Fwp%2Fv2%2Fmedia&parent=36121"}],"curies":[{"name":"wp","href":"https:\/\/api.w.org\/{rel}","templated":true}]}}